{"id":518,"date":"2022-05-25T10:03:11","date_gmt":"2022-05-25T07:03:11","guid":{"rendered":"https:\/\/www.sisliperdesistemleri.com\/?page_id=518"},"modified":"2022-05-25T10:08:55","modified_gmt":"2022-05-25T07:08:55","slug":"iletisim","status":"publish","type":"page","link":"https:\/\/www.sisliperdesistemleri.com\/index.php\/iletisim\/","title":{"rendered":"\u0130leti\u015fim"},"content":{"rendered":"\n<h2 class=\"wp-block-heading\"><\/h2>\n\n\n\n<p>Mecidiyek\u00f6y Mah. \u015eehit Ertu\u011frul Kabata\u015f Cad. No: 21<br>\u015ei\u015fli\/\u0130stanbul<br><a href=\"tel:\/\/+905300854569\"><strong>0530 085 45 69<\/strong><\/a><\/p>\n\n\n\n<p><a href=\"mailto:info@sisliperdesistemleri.com\">info@sisliperdesistemleri.com<\/a><\/p>\n\n\n\n<p><a href=\"mailto:sisliperdesistemleri@gmail.com\">sisliperdesistemleri@gmail.com<\/a> <\/p>\n\n\n\n<iframe src=\"https:\/\/www.google.com\/maps\/embed?pb=!1m14!1m8!1m3!1d385015.793876826!2d28.999186!3d41.070394!3m2!1i1024!2i768!4f13.1!3m3!1m2!1s0x14cab6f877137e41%3A0xe181b06b84405f27!2zTWVjaWRpeWVrw7Z5LCDFnmh0LiBFcnR1xJ9ydWwgS2FiYXRhxZ8gQ2QuIE5vOjIxLCAzNDM4NyDFnmnFn2xpL8Swc3RhbmJ1bCwgVMO8cmtpeWU!5e0!3m2!1str!2sus!4v1653462451574!5m2!1str!2sus\" width=\"600\" height=\"350\" style=\"border:0;\" allowfullscreen=\"\" loading=\"lazy\" referrerpolicy=\"no-referrer-when-downgrade\"><\/iframe>\n","protected":false},"excerpt":{"rendered":"<p>Mecidiyek\u00f6y Mah. \u015eehit Ertu\u011frul Kabata\u015f Cad. No: 21\u015ei\u015fli\/\u0130stanbul0530 085 45 69 info@sisliperdesistemleri.com sisliperdesistemleri@gmail.com<\/p>\n","protected":false},"author":1,"featured_media":0,"parent":0,"menu_order":0,"comment_status":"closed","ping_status":"closed","template":"","meta":{"footnotes":""},"class_list":["post-518","page","type-page","status-publish","hentry"],"_links":{"self":[{"href":"https:\/\/www.sisliperdesistemleri.com\/index.php\/wp-json\/wp\/v2\/pages\/518","targetHints":{"allow":["GET"]}}],"collection":[{"href":"https:\/\/www.sisliperdesistemleri.com\/index.php\/wp-json\/wp\/v2\/pages"}],"about":[{"href":"https:\/\/www.sisliperdesistemleri.com\/index.php\/wp-json\/wp\/v2\/types\/page"}],"author":[{"embeddable":true,"href":"https:\/\/www.sisliperdesistemleri.com\/index.php\/wp-json\/wp\/v2\/users\/1"}],"replies":[{"embeddable":true,"href":"https:\/\/www.sisliperdesistemleri.com\/index.php\/wp-json\/wp\/v2\/comments?post=518"}],"version-history":[{"count":8,"href":"https:\/\/www.sisliperdesistemleri.com\/index.php\/wp-json\/wp\/v2\/pages\/518\/revisions"}],"predecessor-version":[{"id":531,"href":"https:\/\/www.sisliperdesistemleri.com\/index.php\/wp-json\/wp\/v2\/pages\/518\/revisions\/531"}],"wp:attachment":[{"href":"https:\/\/www.sisliperdesistemleri.com\/index.php\/wp-json\/wp\/v2\/media?parent=518"}],"curies":[{"name":"wp","href":"https:\/\/api.w.org\/{rel}","templated":true}]}}